{"id":146,"date":"2025-06-04T15:13:44","date_gmt":"2025-06-04T13:13:44","guid":{"rendered":"https:\/\/unmask.pl\/?page_id=146"},"modified":"2025-06-12T12:06:55","modified_gmt":"2025-06-12T10:06:55","slug":"o-mnie","status":"publish","type":"page","link":"https:\/\/unmask.pl\/?page_id=146","title":{"rendered":"O mnie"},"content":{"rendered":"\n<div class=\"wp-block-group alignfull has-contrast-color has-text-color has-link-color wp-elements-575be8ef67a3bb3ded545890857a2270 is-layout-constrained wp-container-core-group-is-layout-23b1a4dc wp-block-group-is-layout-constrained\" style=\"padding-top:var(--wp--preset--spacing--30);padding-right:var(--wp--preset--spacing--30);padding-bottom:var(--wp--preset--spacing--30);padding-left:var(--wp--preset--spacing--30)\">\n<div class=\"wp-block-group alignwide is-content-justification-space-between is-layout-flex wp-container-core-group-is-layout-b585a4aa wp-block-group-is-layout-flex\">\n<div class=\"wp-block-group is-layout-flex wp-container-core-group-is-layout-7a92790e wp-block-group-is-layout-flex\">\n\n\n<div class=\"wp-block-group is-vertical is-layout-flex wp-container-core-group-is-layout-30a70405 wp-block-group-is-layout-flex\"><h1 class=\"has-link-color wp-elements-d6202aa7d337f2ce08aedc8ed261a84e wp-block-site-title\"><a href=\"https:\/\/unmask.pl\" target=\"_self\" rel=\"home\">UNMASK<\/a><\/h1>\n\n<p class=\"wp-block-site-tagline has-small-font-size\">Przestrze\u0144 Autentyczno\u015bci<\/p><\/div>\n<\/div>\n\n\n<nav class=\"has-small-font-size is-responsive items-justified-right wp-block-navigation is-content-justification-right is-layout-flex wp-container-core-navigation-is-layout-f665d2b5 wp-block-navigation-is-layout-flex\" aria-label=\"Menu: Nag\u0142\u00f3wek\" \n\t\t data-wp-interactive=\"core\/navigation\" data-wp-context='{\"overlayOpenedBy\":{\"click\":false,\"hover\":false,\"focus\":false},\"type\":\"overlay\",\"roleAttribute\":\"\",\"ariaLabel\":\"Menu\"}'><button aria-haspopup=\"dialog\" aria-label=\"Rozwi\u0144 menu\" class=\"wp-block-navigation__responsive-container-open\" \n\t\t\t\tdata-wp-on--click=\"actions.openMenuOnClick\"\n\t\t\t\tdata-wp-on--keydown=\"actions.handleMenuKeydown\"\n\t\t\t><svg width=\"24\" height=\"24\" xmlns=\"http:\/\/www.w3.org\/2000\/svg\" viewBox=\"0 0 24 24\" aria-hidden=\"true\" focusable=\"false\"><path d=\"M4 7.5h16v1.5H4z\"><\/path><path d=\"M4 15h16v1.5H4z\"><\/path><\/svg><\/button>\n\t\t\t\t<div class=\"wp-block-navigation__responsive-container\"  id=\"modal-1\" \n\t\t\t\tdata-wp-class--has-modal-open=\"state.isMenuOpen\"\n\t\t\t\tdata-wp-class--is-menu-open=\"state.isMenuOpen\"\n\t\t\t\tdata-wp-watch=\"callbacks.initMenu\"\n\t\t\t\tdata-wp-on--keydown=\"actions.handleMenuKeydown\"\n\t\t\t\tdata-wp-on--focusout=\"actions.handleMenuFocusout\"\n\t\t\t\ttabindex=\"-1\"\n\t\t\t>\n\t\t\t\t\t<div class=\"wp-block-navigation__responsive-close\" tabindex=\"-1\">\n\t\t\t\t\t\t<div class=\"wp-block-navigation__responsive-dialog\" \n\t\t\t\tdata-wp-bind--aria-modal=\"state.ariaModal\"\n\t\t\t\tdata-wp-bind--aria-label=\"state.ariaLabel\"\n\t\t\t\tdata-wp-bind--role=\"state.roleAttribute\"\n\t\t\t>\n\t\t\t\t\t\t\t<button aria-label=\"Zamknij menu\" class=\"wp-block-navigation__responsive-container-close\" \n\t\t\t\tdata-wp-on--click=\"actions.closeMenuOnClick\"\n\t\t\t><svg xmlns=\"http:\/\/www.w3.org\/2000\/svg\" viewBox=\"0 0 24 24\" width=\"24\" height=\"24\" aria-hidden=\"true\" focusable=\"false\"><path d=\"m13.06 12 6.47-6.47-1.06-1.06L12 10.94 5.53 4.47 4.47 5.53 10.94 12l-6.47 6.47 1.06 1.06L12 13.06l6.47 6.47 1.06-1.06L13.06 12Z\"><\/path><\/svg><\/button>\n\t\t\t\t\t\t\t<div class=\"wp-block-navigation__responsive-container-content\" \n\t\t\t\tdata-wp-watch=\"callbacks.focusFirstElement\"\n\t\t\t id=\"modal-1-content\">\n\t\t\t\t\t\t\t\t<ul class=\"wp-block-navigation__container has-small-font-size is-responsive items-justified-right wp-block-navigation has-small-font-size\"><li class=\"has-small-font-size wp-block-navigation-item wp-block-navigation-link\"><a class=\"wp-block-navigation-item__content\"  href=\"https:\/\/unmask.pl\/?page_id=146\"><span class=\"wp-block-navigation-item__label\">O mnie<\/span><\/a><\/li><\/ul>\n<div class=\"wp-block-buttons is-layout-flex wp-block-buttons-is-layout-flex\">\n<div class=\"wp-block-button\"><a class=\"wp-block-button__link wp-element-button\" href=\"https:\/\/unmask.pl\/?page_id=109\">Napisz do mnie<\/a><\/div>\n<\/div>\n\n\t\t\t\t\t\t\t<\/div>\n\t\t\t\t\t\t<\/div>\n\t\t\t\t\t<\/div>\n\t\t\t\t<\/div><\/nav><\/div>\n<\/div>\n\n\n\n<div class=\"wp-block-columns is-layout-flex wp-container-core-columns-is-layout-28f84493 wp-block-columns-is-layout-flex\">\n<div class=\"wp-block-column is-layout-flow wp-block-column-is-layout-flow\"><\/div>\n\n\n\n<div class=\"wp-block-column is-layout-flow wp-block-column-is-layout-flow\">\n<h2 class=\"wp-block-heading\">O mnie<\/h2>\n\n\n\n<p>Jestem psycholo\u017ck\u0105 i cz\u0142onkini\u0105 Polskiego Towarzystwa Terapii Poznawczo-Behawioralnej, z g\u0142\u0119bokim zainteresowaniem neur\u00f3\u017cnorodno\u015bci\u0105 i jej wp\u0142ywem na codzienne funkcjonowanie. Uko\u0144czy\u0142am Psychologi\u0119 na Uniwersytecie Warszawskim, a obecnie kontynuuj\u0119 rozw\u00f3j zawodowy w ramach studi\u00f3w podyplomowych na kierunku Diagnoza Psychologiczna w praktyce klinicznej na Uniwersytecie SWPS.<\/p>\n\n\n\n<h2 class=\"wp-block-heading\">Do\u015bwiadczenie zawodowe<\/h2>\n\n\n\n<p>Do\u015bwiadczenie zawodowe zdobywa\u0142am podczas sta\u017cu klinicznego w Poradni Zdrowia Psychicznego Psychoklinika, gdzie pracowa\u0142am z pacjentami w obszarze regulacji emocji, kryzys\u00f3w emocjonalnych i relacyjnych. Obecnie wsp\u00f3\u0142pracuj\u0119 z Fundacj\u0105 Ponad Schematami, specjalizuj\u0105c si\u0119 w diagnozie ADHD i spektrum autyzmu u os\u00f3b doros\u0142ych. Prowadz\u0119 r\u00f3wnie\u017c grup\u0119 wsparcia dla kobiet z ADHD\/ASD, tworz\u0105c bezpieczn\u0105 przestrze\u0144 do dzielenia si\u0119 do\u015bwiadczeniami i wzajemnego wspierania.<\/p>\n\n\n\n<p>Moje wcze\u015bniejsze do\u015bwiadczenie w \u015brodowisku korporacyjnym pozwala mi lepiej rozumie\u0107 specyficzne wyzwania zwi\u0105zane z wymagaj\u0105c\u0105 prac\u0105 zawodow\u0105, presj\u0105 czasow\u0105 i funkcjonowaniem os\u00f3b neur\u00f3\u017cnorodnych w tradycyjnych strukturach organizacyjnych. Ta perspektywa jest szczeg\u00f3lnie warto\u015bciowa w pracy z klientami borykaj\u0105cymi si\u0119 z trudno\u015bciami w \u0142\u0105czeniu kariery zawodowej z neur\u00f3\u017cnorodno\u015bci\u0105.<\/p>\n\n\n\n<h2 class=\"wp-block-heading\">Podej\u015bcie terapeutyczne<\/h2>\n\n\n\n<p>W pracy kieruj\u0119 si\u0119 empati\u0105, otwarto\u015bci\u0105 i bezwarunkow\u0105 akceptacj\u0105. Wierz\u0119, \u017ce ka\u017cdy cz\u0142owiek zas\u0142uguje na zrozumienie i wsparcie dostosowane do jego indywidualnych potrzeb. Szczeg\u00f3lnie bliska jest mi praca z osobami neur\u00f3\u017cnorodnymi \u2013 fascynuje mnie r\u00f3\u017cnorodno\u015b\u0107 sposob\u00f3w funkcjonowania umys\u0142u i chc\u0119 przyczyni\u0107 si\u0119 do wi\u0119kszego zrozumienia oraz akceptacji tych r\u00f3\u017cnic w spo\u0142ecze\u0144stwie.<\/p>\n\n\n\n<h2 class=\"wp-block-heading\">Rozw\u00f3j zawodowy<\/h2>\n\n\n\n<p>Stale poszerzam swoj\u0105 wiedz\u0119, uczestnicz\u0105c w szkoleniach i konferencjach po\u015bwi\u0119conych neur\u00f3\u017cnorodno\u015bci i nowoczesnym metodom terapeutycznym. Pracuj\u0119 pod sta\u0142\u0105 superwizj\u0105, co pozwala mi na ci\u0105g\u0142y rozw\u00f3j kompetencji i zapewnienie najwy\u017cszej jako\u015bci opieki psychologicznej.<\/p>\n\n\n\n<p>Moja misja to tworzenie przestrzeni, w kt\u00f3rej ka\u017cdy mo\u017ce poczu\u0107 si\u0119 zrozumiany i otrzyma\u0107 wsparcie dopasowane do swoich unikalnych potrzeb.<\/p>\n<\/div>\n<\/div>\n\n\n\n<div class=\"wp-block-group alignfull has-background-color is-layout-constrained wp-container-core-group-is-layout-5d2f8bdc wp-block-group-is-layout-constrained\" style=\"margin-top:0;margin-bottom:0;padding-top:var(--wp--preset--spacing--40);padding-right:var(--wp--preset--spacing--30);padding-bottom:var(--wp--preset--spacing--40);padding-left:var(--wp--preset--spacing--30)\">\n<div class=\"wp-block-group alignwide is-content-justification-space-between is-layout-flex wp-container-core-group-is-layout-b585a4aa wp-block-group-is-layout-flex\">\n<div class=\"wp-block-group is-layout-flex wp-block-group-is-layout-flex\"><h1 class=\"wp-block-site-title has-small-font-size\"><a href=\"https:\/\/unmask.pl\" target=\"_self\" rel=\"home\">UNMASK<\/a><\/h1><\/div>\n\n\n\n<p class=\"has-small-font-size\">All rights reserved 2025<\/p>\n<\/div>\n<\/div>\n","protected":false},"excerpt":{"rendered":"<p>O mnie Jestem psycholo\u017ck\u0105 i cz\u0142onkini\u0105 Polskiego Towarzystwa Terapii Poznawczo-Behawioralnej, z g\u0142\u0119bokim zainteresowaniem neur\u00f3\u017cnorodno\u015bci\u0105 i jej wp\u0142ywem na codzienne funkcjonowanie. Uko\u0144czy\u0142am Psychologi\u0119 na Uniwersytecie Warszawskim, a obecnie kontynuuj\u0119 rozw\u00f3j zawodowy [&hellip;]<\/p>\n","protected":false},"author":1,"featured_media":0,"parent":72,"menu_order":0,"comment_status":"closed","ping_status":"closed","template":"template-blank","meta":{"_EventAllDay":false,"_EventTimezone":"","_EventStartDate":"","_EventEndDate":"","_EventStartDateUTC":"","_EventEndDateUTC":"","_EventShowMap":false,"_EventShowMapLink":false,"_EventURL":"","_EventCost":"","_EventCostDescription":"","_EventCurrencySymbol":"","_EventCurrencyCode":"","_EventCurrencyPosition":"","_EventDateTimeSeparator":"","_EventTimeRangeSeparator":"","_EventOrganizerID":[],"_EventVenueID":[],"_OrganizerEmail":"","_OrganizerPhone":"","_OrganizerWebsite":"","_VenueAddress":"","_VenueCity":"","_VenueCountry":"","_VenueProvince":"","_VenueState":"","_VenueZip":"","_VenuePhone":"","_VenueURL":"","_VenueStateProvince":"","_VenueLat":"","_VenueLng":"","_VenueShowMap":false,"_VenueShowMapLink":false,"footnotes":""},"class_list":["post-146","page","type-page","status-publish","hentry"],"_links":{"self":[{"href":"https:\/\/unmask.pl\/index.php?rest_route=\/wp\/v2\/pages\/146","targetHints":{"allow":["GET"]}}],"collection":[{"href":"https:\/\/unmask.pl\/index.php?rest_route=\/wp\/v2\/pages"}],"about":[{"href":"https:\/\/unmask.pl\/index.php?rest_route=\/wp\/v2\/types\/page"}],"author":[{"embeddable":true,"href":"https:\/\/unmask.pl\/index.php?rest_route=\/wp\/v2\/users\/1"}],"replies":[{"embeddable":true,"href":"https:\/\/unmask.pl\/index.php?rest_route=%2Fwp%2Fv2%2Fcomments&post=146"}],"version-history":[{"count":3,"href":"https:\/\/unmask.pl\/index.php?rest_route=\/wp\/v2\/pages\/146\/revisions"}],"predecessor-version":[{"id":169,"href":"https:\/\/unmask.pl\/index.php?rest_route=\/wp\/v2\/pages\/146\/revisions\/169"}],"up":[{"embeddable":true,"href":"https:\/\/unmask.pl\/index.php?rest_route=\/wp\/v2\/pages\/72"}],"wp:attachment":[{"href":"https:\/\/unmask.pl\/index.php?rest_route=%2Fwp%2Fv2%2Fmedia&parent=146"}],"curies":[{"name":"wp","href":"https:\/\/api.w.org\/{rel}","templated":true}]}}